{"id":47,"date":"2022-06-06T15:37:33","date_gmt":"2022-06-06T13:37:33","guid":{"rendered":"https:\/\/jpu-vim-bar.me\/?page_id=47"},"modified":"2024-02-26T08:13:58","modified_gmt":"2024-02-26T07:13:58","slug":"home","status":"publish","type":"page","link":"https:\/\/jpu-vim-bar.me\/","title":{"rendered":"O nama"},"content":{"rendered":"<style id=\"wp_carousel_dynamic_css335\">.sp-wp-carousel-free-id-335.wpcf-fancybox-wrapper .fancybox-bg{background: #0b0b0b;opacity: 0.8;}.sp-wp-carousel-free-id-335.wpcf-fancybox-wrapper .fancybox-navigation .fancybox-button .wpcp-fancybox-nav-arrow i {color: #ccc;}.sp-wp-carousel-free-id-335.wpcf-fancybox-wrapper .fancybox-navigation .fancybox-button .wpcp-fancybox-nav-arrow i:hover {color: #fff;}.sp-wp-carousel-free-id-335.wpcf-fancybox-wrapper .fancybox-navigation .fancybox-button {background: #1e1e1e;}.sp-wp-carousel-free-id-335.wpcf-fancybox-wrapper .fancybox-navigation .fancybox-button:hover {background: #1e1e1e;}#sp-wp-carousel-free-id-335 .wpcp-swiper-dots {margin: 40px 0px 0px 0px;}.wpcp-wrapper-335 .swiper-wrapper .swiper-slide-kenburn, .wpcp-wrapper-335 .swiper-wrapper, .wpcp-wrapper-335 .wpcpro-row{align-items: center;}#sp-wp-carousel-free-id-335 .wpcp-single-item {box-shadow: 0px 0px 0px 0px #dddddd;transition: all .3s;margin: 0px;}#sp-wp-carousel-free-id-335.swiper-flip .wpcp-single-item{margin: 0!important;}#sp-wp-carousel-free-id-335 .wpcp-single-item:hover {box-shadow: 0px 0px 0px 0px #dddddd;}#sp-wp-carousel-free-id-335.sp-wpcp-335 .wpcp-single-item {border: 1px solid #dddddd;}#sp-wp-carousel-free-id-335.sp-wpcp-335 .swiper-button-prev,#sp-wp-carousel-free-id-335.sp-wpcp-335 .swiper-button-next,#sp-wp-carousel-free-id-335.sp-wpcp-335 .swiper-button-prev:hover,#sp-wp-carousel-free-id-335.sp-wpcp-335 .swiper-button-next:hover {background: none;border: none;font-size: 30px;}#sp-wp-carousel-free-id-335.sp-wpcp-335 .swiper-button-prev i,#sp-wp-carousel-free-id-335.sp-wpcp-335 .swiper-button-next i {color: #aaa;}#sp-wp-carousel-free-id-335.sp-wpcp-335 .swiper-button-prev i:hover,#sp-wp-carousel-free-id-335.sp-wpcp-335 .swiper-button-next i:hover {color: #178087;}#sp-wp-carousel-free-id-335.sp-wpcp-335 .wpcp-swiper-dots .swiper-pagination-bullet {background-color: #cccccc;}#sp-wp-carousel-free-id-335.sp-wpcp-335 .wpcp-swiper-dots .swiper-pagination-bullet.swiper-pagination-bullet-active {background-color: #178087;} #sp-wp-carousel-free-id-335.sp-wpcp-335.wpcp-image-carousel .wpcp-single-item:hover img, #sp-wp-carousel-free-id-335.sp-wpcp-335.wpcp-post-carousel .wpcp-single-item:hover img, #sp-wp-carousel-free-id-335.sp-wpcp-335.wpcp-product-carousel .wpcp-single-item:hover img{-webkit-transform: scale(1.2);-moz-transform: scale(1.2);transform: scale(1.2);}@media screen and (max-width: 479px) {#sp-wp-carousel-free-id-335.nav-vertical-center {padding: 0;margin:0;}#sp-wp-carousel-free-id-335.nav-vertical-center .wpcp-next-button,#sp-wp-carousel-free-id-335.nav-vertical-center .wpcp-prev-button {display: none;}}#sp-wp-carousel-free-id-335 .wpcpro-row>[class*=\"wpcpro-col-\"] { padding: 0 10px; padding-bottom: 20px;} #sp-wp-carousel-free-id-335 .swiper-slide .single-item-fade:not(:last-child) { margin-right: 20px;}@media (min-width: 480px) { .wpcpro-row .wpcpro-col-sm-1 { flex: 0 0 100%; max-width: 100%; } .wpcpro-row .wpcpro-col-sm-2 { flex: 0 0 50%; max-width: 50%; } .wpcpro-row .wpcpro-col-sm-2-5 { flex: 0 0 75%; max-width: 75%; } .wpcpro-row .wpcpro-col-sm-3 { flex: 0 0 33.333%; max-width: 33.333%; } .wpcpro-row .wpcpro-col-sm-4 { flex: 0 0 25%; max-width: 25%; } .wpcpro-row .wpcpro-col-sm-5 { flex: 0 0 20%; max-width: 20%; } .wpcpro-row .wpcpro-col-sm-6 { flex: 0 0 16.66666666666667%; max-width: 16.66666666666667%; } .wpcpro-row .wpcpro-col-sm-7 { flex: 0 0 14.28571428%; max-width: 14.28571428%; } .wpcpro-row .wpcpro-col-sm-8 { flex: 0 0 12.5%; max-width: 12.5%; } } @media (max-width: 480px) { .wpcpro-row .wpcpro-col-xs-1 { flex: 0 0 100%; max-width: 100%; } .wpcpro-row .wpcpro-col-xs-2 { flex: 0 0 50%; max-width: 50%; } .wpcpro-row .wpcpro-col-xs-3 { flex: 0 0 33.222%; max-width: 33.222%; } .wpcpro-row .wpcpro-col-xs-4 { flex: 0 0 25%; max-width: 25%; } .wpcpro-row .wpcpro-col-xs-5 { flex: 0 0 20%; max-width: 20%; } .wpcpro-row .wpcpro-col-xs-6 { flex: 0 0 16.6667%; max-width: 16.6667%; } .wpcpro-row .wpcpro-col-xs-7 { flex: 0 0 14.28571428%; max-width: 14.28571428%; } .wpcpro-row .wpcpro-col-xs-8 { flex: 0 0 12.5%; max-width: 12.5%; } } @media (min-width: 736px) { .wpcpro-row .wpcpro-col-md-1 { flex: 0 0 100%; max-width: 100%; } .wpcpro-row .wpcpro-col-md-2 { flex: 0 0 50%; max-width: 50%; } .wpcpro-row .wpcpro-col-md-2-5 { flex: 0 0 75%; max-width: 75%; } .wpcpro-row .wpcpro-col-md-3 { flex: 0 0 33.333%; max-width: 33.333%; } .wpcpro-row .wpcpro-col-md-4 { flex: 0 0 25%; max-width: 25%; } .wpcpro-row .wpcpro-col-md-5 { flex: 0 0 20%; max-width: 20%; } .wpcpro-row .wpcpro-col-md-6 { flex: 0 0 16.66666666666667%; max-width: 16.66666666666667%; } .wpcpro-row .wpcpro-col-md-7 { flex: 0 0 14.28571428%; max-width: 14.28571428%; } .wpcpro-row .wpcpro-col-md-8 { flex: 0 0 12.5%; max-width: 12.5%; } } @media (min-width: 980px) { .wpcpro-row .wpcpro-col-lg-1 { flex: 0 0 100%; max-width: 100%; } .wpcpro-row .wpcpro-col-lg-2 { flex: 0 0 50%; max-width: 50%; } .wpcpro-row .wpcpro-col-lg-3 { flex: 0 0 33.222%; max-width: 33.222%; } .wpcpro-row .wpcpro-col-lg-4 { flex: 0 0 25%; max-width: 25%; } .wpcpro-row .wpcpro-col-lg-5 { flex: 0 0 20%; max-width: 20%; } .wpcpro-row .wpcpro-col-lg-6 { flex: 0 0 16.6667%; max-width: 16.6667%; } .wpcpro-row .wpcpro-col-lg-7 { flex: 0 0 14.28571428%; max-width: 14.28571428%; } .wpcpro-row .wpcpro-col-lg-8 { flex: 0 0 12.5%; max-width: 12.5%; } } @media (min-width: 1200px) { .wpcpro-row .wpcpro-col-xl-1 { flex: 0 0 100%; max-width: 100%; } .wpcpro-row .wpcpro-col-xl-2 { flex: 0 0 50%; max-width: 50%; } .wpcpro-row .wpcpro-col-xl-3 { flex: 0 0 33.22222222%; max-width: 33.22222222%; } .wpcpro-row .wpcpro-col-xl-4 { flex: 0 0 25%; max-width: 25%; } .wpcpro-row .wpcpro-col-xl-5 { flex: 0 0 20%; max-width: 20%; } .wpcpro-row .wpcpro-col-xl-6 { flex: 0 0 16.66667%; max-width: 16.66667%; } .wpcpro-row .wpcpro-col-xl-7 { flex: 0 0 14.28571428%; max-width: 14.28571428%; } .wpcpro-row .wpcpro-col-xl-8 { flex: 0 0 12.5%; max-width: 12.5%; } }<\/style><div class=\"wpcp-carousel-wrapper wpcp-wrapper-335\">\n\t<div id=\"wpcp-preloader-335\" class=\"wpcp-carousel-preloader\"><img decoding=\"async\" src=\"https:\/\/jpu-vim-bar.me\/wp-content\/plugins\/wp-carousel-free\/public\/css\/spinner.svg\" alt=\"Preloader Image\" \/><\/div>\t<div class=\"wpcp-carousel-content-wrapper\">\n\t<div id=\"sp-wp-carousel-free-id-335\" class=\"wpcp-carousel-section sp-wpcp-335  nav-vertical-center wpcp-image-carousel wpcp-preloader wpcp-standard\" data-swiper='{ &quot;pagination_type&quot;: &quot;dots&quot;,&quot;accessibility&quot;:true, &quot;spaceBetween&quot;:20, &quot;arrows&quot;:true, &quot;freeMode&quot;: false, &quot;autoplay&quot;:true, &quot;effect&quot;: &quot;&quot;, &quot;centerMode&quot;: false, &quot;autoplaySpeed&quot;:3000, &quot;dots&quot;:true, &quot;infinite&quot;:true, &quot;speed&quot;:600, &quot;pauseOnHover&quot;:true,\n\t\t\t&quot;slidesToShow&quot;:{&quot;lg_desktop&quot;:5, &quot;desktop&quot;: 4, &quot;laptop&quot;: 3, &quot;tablet&quot;: 2, &quot;mobile&quot;: 1}, &quot;responsive&quot;:{&quot;desktop&quot;:1200, &quot;laptop&quot;: 980, &quot;tablet&quot;: 736, &quot;mobile&quot;: 480}, &quot;rtl&quot;:false, &quot;lazyLoad&quot;: &quot;false&quot;, &quot;swipe&quot;: true, &quot;draggable&quot;: true, &quot;swipeToSlide&quot;:false }' dir=\"ltr\">\n\t\t<div class=\"swiper-wrapper\">\n\t\t<div class=\"swiper-slide\">\n\t<div class=\"wpcp-single-item\">\n\t\t\t<div class=\"wpcp-slide-image\">\n\t\t<img loading=\"lazy\" decoding=\"async\" class=\"skip-lazy\" src=\"https:\/\/jpu-vim-bar.me\/wp-content\/uploads\/2023\/01\/DJI_0861-scaled.jpg\" alt=\"DCIM100MEDIADJI_0861.JPG\" width=\"2560\" height=\"1440\">\t<\/div>\n\t\t<\/div>\n<\/div>\n\t<div class=\"swiper-slide\">\n\t<div class=\"wpcp-single-item\">\n\t\t\t<div class=\"wpcp-slide-image\">\n\t\t<img loading=\"lazy\" decoding=\"async\" class=\"skip-lazy\" src=\"https:\/\/jpu-vim-bar.me\/wp-content\/uploads\/2023\/01\/Vaspitne-jedinice-VIM-2-scaled.jpg\" alt=\"Vaspitne jedinice VIM-2\" width=\"2560\" height=\"1707\">\t<\/div>\n\t\t<\/div>\n<\/div>\n\t<div class=\"swiper-slide\">\n\t<div class=\"wpcp-single-item\">\n\t\t\t<div class=\"wpcp-slide-image\">\n\t\t<img loading=\"lazy\" decoding=\"async\" class=\"skip-lazy\" src=\"https:\/\/jpu-vim-bar.me\/wp-content\/uploads\/2023\/01\/Vaspitne-jedinice-VIM-6-scaled.jpg\" alt=\"Vaspitne jedinice VIM-6\" width=\"2560\" height=\"1707\">\t<\/div>\n\t\t<\/div>\n<\/div>\n\t<div class=\"swiper-slide\">\n\t<div class=\"wpcp-single-item\">\n\t\t\t<div class=\"wpcp-slide-image\">\n\t\t<img loading=\"lazy\" decoding=\"async\" class=\"skip-lazy\" src=\"https:\/\/jpu-vim-bar.me\/wp-content\/uploads\/2023\/01\/Vaspitne-jedinice-VIM-13-scaled.jpg\" alt=\"Vaspitne jedinice VIM-13\" width=\"2560\" height=\"1707\">\t<\/div>\n\t\t<\/div>\n<\/div>\n\t<div class=\"swiper-slide\">\n\t<div class=\"wpcp-single-item\">\n\t\t\t<div class=\"wpcp-slide-image\">\n\t\t<img loading=\"lazy\" decoding=\"async\" class=\"skip-lazy\" src=\"https:\/\/jpu-vim-bar.me\/wp-content\/uploads\/2023\/01\/Vaspitne-jedinice-VIM-16-scaled.jpg\" alt=\"Vaspitne jedinice VIM-16\" width=\"2560\" height=\"1707\">\t<\/div>\n\t\t<\/div>\n<\/div>\n\t<div class=\"swiper-slide\">\n\t<div class=\"wpcp-single-item\">\n\t\t\t<div class=\"wpcp-slide-image\">\n\t\t<img loading=\"lazy\" decoding=\"async\" class=\"skip-lazy\" src=\"https:\/\/jpu-vim-bar.me\/wp-content\/uploads\/2023\/01\/Vaspitne-jedinice-VIM-27-scaled.jpg\" alt=\"Vaspitne jedinice VIM-27\" width=\"2560\" height=\"1707\">\t<\/div>\n\t\t<\/div>\n<\/div>\n\t<div class=\"swiper-slide\">\n\t<div class=\"wpcp-single-item\">\n\t\t\t<div class=\"wpcp-slide-image\">\n\t\t<img loading=\"lazy\" decoding=\"async\" class=\"skip-lazy\" src=\"https:\/\/jpu-vim-bar.me\/wp-content\/uploads\/2023\/01\/Vaspitne-jedinice-VIM-35-scaled.jpg\" alt=\"Vaspitne jedinice VIM-35\" width=\"2560\" height=\"1707\">\t<\/div>\n\t\t<\/div>\n<\/div>\n\t<div class=\"swiper-slide\">\n\t<div class=\"wpcp-single-item\">\n\t\t\t<div class=\"wpcp-slide-image\">\n\t\t<img loading=\"lazy\" decoding=\"async\" class=\"skip-lazy\" src=\"https:\/\/jpu-vim-bar.me\/wp-content\/uploads\/2023\/01\/Vaspitne-jedinice-VIM-43-scaled.jpg\" alt=\"Vaspitne jedinice VIM-43\" width=\"2560\" height=\"1707\">\t<\/div>\n\t\t<\/div>\n<\/div>\n\t<div class=\"swiper-slide\">\n\t<div class=\"wpcp-single-item\">\n\t\t\t<div class=\"wpcp-slide-image\">\n\t\t<img loading=\"lazy\" decoding=\"async\" class=\"skip-lazy\" src=\"https:\/\/jpu-vim-bar.me\/wp-content\/uploads\/2023\/01\/Vaspitne-jedinice-VIM-48-scaled.jpg\" alt=\"Vaspitne jedinice VIM-48\" width=\"2560\" height=\"1707\">\t<\/div>\n\t\t<\/div>\n<\/div>\n\t\t\t<\/div>\n\t\t\t\t\t<div class=\"wpcp-swiper-dots swiper-pagination\"><\/div>\n\t\t\t\t<!-- If we need navigation buttons -->\n\t\t\t\t\t<div class=\"wpcp-prev-button swiper-button-prev\"><i class=\"fa fa-angle-left\"><\/i><\/div>\n\t\t\t<div class=\"wpcp-next-button swiper-button-next\"><i class=\"fa fa-angle-right\"><\/i><\/div>\n\t\t\t<\/div>\n\t<\/div>\n<\/div>\n\n\n\n\n<h2 class=\"wp-block-heading\"><\/h2>\n\n\n\n<p>Javna pred\u0161kolska ustanova ,,Vukosava I. Ma\u0161anovi\u0107&#8221; iz Bara svoje korijene pronalazi u davnoj 1921 godini kada se pri osnovnoj \u0161koli u Starom Baru otvorilo prvo dje\u010dije zabavi\u0161te. Tokom slede\u0107eg dvadesetogodi\u0161njeg perioda otvarala su se pojedina\u010dna zabavi\u0161ta na territorijama op\u0161tina Stari Bar i Novi Bar,koja su funksionisala do po\u010detka II Svjetskog rata. Rje\u0161enjem Skup\u0161tine op\u0161tine Bar od 17.07.1963 godine sva postoje\u0107a zabavi\u0161ta se fuziraju u jedno i osniva se radna zajednica Dje\u010diji vrti\u0107 koja dobija ime Vukosave Ivanovi\u0107 Ma\u0161anovi\u0107, prve \u017eene koja je strijeljana u II svjetskom ratu.<br>Danas je ovo moderna pred\u0161kolska ustanova koja prati sve tokove reforme vaspitanja i obrazovanja,vode\u0107i se Nacionalnom strategijom pred\u0161kolstva,i koja poku\u0161ava da odgovori na velike zahtjeve lokalne sredina za obuhvatom djece pred\u0161kolskog uzrasta.<br>Ustanova danas svoj rad obavlja u 15 vaspitnih jedinica na podru\u010dju barske op\u0161tine i to na cjelodnevnom boravku 11 vaspitnih jedinica.<\/p>\n\n\n\n<p>Na\u0161a pred\u0161kolska ustanova u Baru sastoji se od:<\/p>\n\n\n\n<ul class=\"wp-block-list\">\n<li>Jasli\u010dne grupe od 1 do 3<\/li>\n\n\n\n<li>Vrti\u0107ke grupe od 3 do polaska u \u0161kolu<\/li>\n<\/ul>\n\n\n\n<p><\/p>\n","protected":false},"excerpt":{"rendered":"<p>Javna pred\u0161kolska ustanova ,,Vukosava I. Ma\u0161anovi\u0107&#8221; iz Bara svoje korijene pronalazi u davnoj 1921 godini kada se pri osnovnoj \u0161koli u Starom Baru otvorilo prvo dje\u010dije zabavi\u0161te. Tokom slede\u0107eg dvadesetogodi\u0161njeg perioda otvarala su se pojedina\u010dna zabavi\u0161ta na territorijama op\u0161tina Stari Bar i Novi Bar,koja su funksionisala do po\u010detka II Svjetskog rata. Rje\u0161enjem Skup\u0161tine op\u0161tine Bar &hellip; <a href=\"https:\/\/jpu-vim-bar.me\/\" class=\"more-link\">Nastavi \u010ditati<span class=\"screen-reader-text\"> &#8220;O nama&#8221;<\/span><\/a><\/p>\n","protected":false},"author":1,"featured_media":0,"parent":0,"menu_order":0,"comment_status":"closed","ping_status":"closed","template":"","meta":{"footnotes":""},"class_list":["post-47","page","type-page","status-publish","hentry"],"_links":{"self":[{"href":"https:\/\/jpu-vim-bar.me\/index.php?rest_route=\/wp\/v2\/pages\/47","targetHints":{"allow":["GET"]}}],"collection":[{"href":"https:\/\/jpu-vim-bar.me\/index.php?rest_route=\/wp\/v2\/pages"}],"about":[{"href":"https:\/\/jpu-vim-bar.me\/index.php?rest_route=\/wp\/v2\/types\/page"}],"author":[{"embeddable":true,"href":"https:\/\/jpu-vim-bar.me\/index.php?rest_route=\/wp\/v2\/users\/1"}],"replies":[{"embeddable":true,"href":"https:\/\/jpu-vim-bar.me\/index.php?rest_route=%2Fwp%2Fv2%2Fcomments&post=47"}],"version-history":[{"count":8,"href":"https:\/\/jpu-vim-bar.me\/index.php?rest_route=\/wp\/v2\/pages\/47\/revisions"}],"predecessor-version":[{"id":991,"href":"https:\/\/jpu-vim-bar.me\/index.php?rest_route=\/wp\/v2\/pages\/47\/revisions\/991"}],"wp:attachment":[{"href":"https:\/\/jpu-vim-bar.me\/index.php?rest_route=%2Fwp%2Fv2%2Fmedia&parent=47"}],"curies":[{"name":"wp","href":"https:\/\/api.w.org\/{rel}","templated":true}]}}