{"id":43,"date":"2022-06-06T15:31:39","date_gmt":"2022-06-06T13:31:39","guid":{"rendered":"https:\/\/jpu-vim-bar.me\/?page_id=43"},"modified":"2022-07-04T12:24:49","modified_gmt":"2022-07-04T10:24:49","slug":"sunce","status":"publish","type":"page","link":"https:\/\/jpu-vim-bar.me\/?page_id=43","title":{"rendered":"Sunce"},"content":{"rendered":"\n<p><strong>Vaspitna jedinica \u00bbSunce\u00ab<\/strong>\u00a0 radi u\u00a0 prostorijama O\u0160 \u00bbJovan Toma\u0161evi\u0107\u00ab u Virpazaru .Problemi odr\u017eavanja odjeljenja su evidentni,zbog razdvojenosti radne sobe koja je na spratu i kuhinje koja je u prizemlju kao i zbog malog broja djece pred\u0161kolskog uzrasta na ovim prostorima.Djeca koriste \u0161kolsko dvori\u0161te ,kada to ne remeti proces nastave u \u0161koli.<\/p>\n\n\n<div class=\"wp-block-image\">\n<figure class=\"aligncenter size-full\"><img loading=\"lazy\" decoding=\"async\" width=\"800\" height=\"484\" src=\"https:\/\/jpu-vim-bar.me\/wp-content\/uploads\/2022\/07\/sunce.jpg\" alt=\"\" class=\"wp-image-171\" srcset=\"https:\/\/jpu-vim-bar.me\/wp-content\/uploads\/2022\/07\/sunce.jpg 800w, https:\/\/jpu-vim-bar.me\/wp-content\/uploads\/2022\/07\/sunce-300x182.jpg 300w, https:\/\/jpu-vim-bar.me\/wp-content\/uploads\/2022\/07\/sunce-768x465.jpg 768w\" sizes=\"auto, (max-width: 800px) 85vw, 800px\" \/><\/figure>\n<\/div>\n\n\n<p><\/p>\n","protected":false},"excerpt":{"rendered":"<p>Vaspitna jedinica \u00bbSunce\u00ab\u00a0 radi u\u00a0 prostorijama O\u0160 \u00bbJovan Toma\u0161evi\u0107\u00ab u Virpazaru .Problemi odr\u017eavanja odjeljenja su evidentni,zbog razdvojenosti radne sobe koja je na spratu i kuhinje koja je u prizemlju kao i zbog malog broja djece pred\u0161kolskog uzrasta na ovim prostorima.Djeca koriste \u0161kolsko dvori\u0161te ,kada to ne remeti proces nastave u \u0161koli.<\/p>\n","protected":false},"author":1,"featured_media":0,"parent":0,"menu_order":0,"comment_status":"closed","ping_status":"closed","template":"","meta":{"footnotes":""},"class_list":["post-43","page","type-page","status-publish","hentry"],"_links":{"self":[{"href":"https:\/\/jpu-vim-bar.me\/index.php?rest_route=\/wp\/v2\/pages\/43","targetHints":{"allow":["GET"]}}],"collection":[{"href":"https:\/\/jpu-vim-bar.me\/index.php?rest_route=\/wp\/v2\/pages"}],"about":[{"href":"https:\/\/jpu-vim-bar.me\/index.php?rest_route=\/wp\/v2\/types\/page"}],"author":[{"embeddable":true,"href":"https:\/\/jpu-vim-bar.me\/index.php?rest_route=\/wp\/v2\/users\/1"}],"replies":[{"embeddable":true,"href":"https:\/\/jpu-vim-bar.me\/index.php?rest_route=%2Fwp%2Fv2%2Fcomments&post=43"}],"version-history":[{"count":3,"href":"https:\/\/jpu-vim-bar.me\/index.php?rest_route=\/wp\/v2\/pages\/43\/revisions"}],"predecessor-version":[{"id":173,"href":"https:\/\/jpu-vim-bar.me\/index.php?rest_route=\/wp\/v2\/pages\/43\/revisions\/173"}],"wp:attachment":[{"href":"https:\/\/jpu-vim-bar.me\/index.php?rest_route=%2Fwp%2Fv2%2Fmedia&parent=43"}],"curies":[{"name":"wp","href":"https:\/\/api.w.org\/{rel}","templated":true}]}}