{"id":41,"date":"2022-06-06T15:31:19","date_gmt":"2022-06-06T13:31:19","guid":{"rendered":"https:\/\/jpu-vim-bar.me\/?page_id=41"},"modified":"2022-07-04T12:23:39","modified_gmt":"2022-07-04T10:23:39","slug":"sanjalica","status":"publish","type":"page","link":"https:\/\/jpu-vim-bar.me\/?page_id=41","title":{"rendered":"Sanjalica"},"content":{"rendered":"\n<p><strong>\u00a0Vaspitna jedinica\u00a0 \u00bbSanjalica\u00ab<\/strong> u Polju postoji jo\u0161 od 1974 g,i sa manjim prekidima je konstantno radila u prostorijama MZ BAR II. U sada\u0161njem prostoru\u00a0 MZ Bar II,na\u0161a vaspitna jedinica je dobila ve\u0107i prostor koji se sastoji od tri\u00a0 radne sobe,priru\u010dne kuhinje,vi\u0161enamjenske kancelarije,sanitarnog \u010dvora za djecu i odrasle i garderobe.\u00a0\u00a0\u00a0\u00a0\u00a0\u00a0\u00a0\u00a0\u00a0\u00a0\u00a0\u00a0<\/p>\n\n\n<div class=\"wp-block-image\">\n<figure class=\"aligncenter size-full\"><img loading=\"lazy\" decoding=\"async\" width=\"606\" height=\"404\" src=\"https:\/\/jpu-vim-bar.me\/wp-content\/uploads\/2022\/07\/Sanjalica.jpg\" alt=\"\" class=\"wp-image-167\" srcset=\"https:\/\/jpu-vim-bar.me\/wp-content\/uploads\/2022\/07\/Sanjalica.jpg 606w, https:\/\/jpu-vim-bar.me\/wp-content\/uploads\/2022\/07\/Sanjalica-300x200.jpg 300w\" sizes=\"auto, (max-width: 606px) 85vw, 606px\" \/><\/figure>\n<\/div>","protected":false},"excerpt":{"rendered":"<p>\u00a0Vaspitna jedinica\u00a0 \u00bbSanjalica\u00ab u Polju postoji jo\u0161 od 1974 g,i sa manjim prekidima je konstantno radila u prostorijama MZ BAR II. U sada\u0161njem prostoru\u00a0 MZ Bar II,na\u0161a vaspitna jedinica je dobila ve\u0107i prostor koji se sastoji od tri\u00a0 radne sobe,priru\u010dne kuhinje,vi\u0161enamjenske kancelarije,sanitarnog \u010dvora za djecu i odrasle i garderobe.\u00a0\u00a0\u00a0\u00a0\u00a0\u00a0\u00a0\u00a0\u00a0\u00a0\u00a0\u00a0<\/p>\n","protected":false},"author":1,"featured_media":0,"parent":0,"menu_order":0,"comment_status":"closed","ping_status":"closed","template":"","meta":{"footnotes":""},"class_list":["post-41","page","type-page","status-publish","hentry"],"_links":{"self":[{"href":"https:\/\/jpu-vim-bar.me\/index.php?rest_route=\/wp\/v2\/pages\/41","targetHints":{"allow":["GET"]}}],"collection":[{"href":"https:\/\/jpu-vim-bar.me\/index.php?rest_route=\/wp\/v2\/pages"}],"about":[{"href":"https:\/\/jpu-vim-bar.me\/index.php?rest_route=\/wp\/v2\/types\/page"}],"author":[{"embeddable":true,"href":"https:\/\/jpu-vim-bar.me\/index.php?rest_route=\/wp\/v2\/users\/1"}],"replies":[{"embeddable":true,"href":"https:\/\/jpu-vim-bar.me\/index.php?rest_route=%2Fwp%2Fv2%2Fcomments&post=41"}],"version-history":[{"count":3,"href":"https:\/\/jpu-vim-bar.me\/index.php?rest_route=\/wp\/v2\/pages\/41\/revisions"}],"predecessor-version":[{"id":170,"href":"https:\/\/jpu-vim-bar.me\/index.php?rest_route=\/wp\/v2\/pages\/41\/revisions\/170"}],"wp:attachment":[{"href":"https:\/\/jpu-vim-bar.me\/index.php?rest_route=%2Fwp%2Fv2%2Fmedia&parent=41"}],"curies":[{"name":"wp","href":"https:\/\/api.w.org\/{rel}","templated":true}]}}