{"id":344,"date":"2023-01-18T07:56:01","date_gmt":"2023-01-18T06:56:01","guid":{"rendered":"https:\/\/jpu-vim-bar.me\/?page_id=344"},"modified":"2023-01-18T08:00:32","modified_gmt":"2023-01-18T07:00:32","slug":"pcelica","status":"publish","type":"page","link":"https:\/\/jpu-vim-bar.me\/?page_id=344","title":{"rendered":"P\u010delica"},"content":{"rendered":"\n<p>Dana 16.01.2023 je JPU &#8220;Vukosava Ivanovi\u0107 Ma\u0161anovi\u0107&#8221; otvorila novu vaspitnu jedinicu &#8220;P\u010delica&#8221;, u ulici Rista Leki\u0107a, namijenjenu djeci jaslenog uzrasta, \u010dime se broj djece koja nijesu upisana u na\u0161u pred\u0161kolsku ustanovu smanjio na manje od \u0161ezdeset.<\/p>\n\n\n\n<p>Podsje\u0107anja radi, za \u0161kolsku 2022\/23. godinu je formirana lista \u010dekanja koja je u septembru 2022. godine brojala dvije stotine djece. Odre\u0111eni broj mali\u0161ana je primljen u vaspitnu jedinicu &#8220;Bubamara&#8221;, gdje je u holu te vaspitne jedinice <a><\/a>formirana jedna jaslena vaspitna grupa.<\/p>\n\n\n\n<p>Novootvoreni prostor je adaptiran i opremljen novim namje\u0161tajem, zahvaljuju\u0107i sredstvima Ministarstva prosvjete i saradnji sa UNICEF-om.<\/p>\n\n\n\n<p>Vjerujemo da \u0107e po\u010detkom slede\u0107eg mjeseca, na radost svih nas, biti otvorene jo\u0161 dvije vaspitne grupe za djecu jasli\u010dnog uzrasta u okviru vaspitne jedinice \u201cPu\u017ei\u0107 Veseljko\u201d, \u010dime bi svi roditelji i staratelji dobili mogu\u0107nost da njihova djeca budu obuhva\u0107ena pred\u0161kolskim vaspitno-obrazovnim programom.<\/p>\n\n\n\n<p>Tim za odnose s javno\u0161\u0107u JPU &#8220;VIM&#8221;.<\/p>\n\n\n\n<figure class=\"wp-block-gallery has-nested-images columns-default is-cropped wp-block-gallery-1 is-layout-flex wp-block-gallery-is-layout-flex\">\n<figure class=\"wp-block-image size-large\"><img loading=\"lazy\" decoding=\"async\" width=\"1024\" height=\"679\" data-id=\"348\" src=\"https:\/\/jpu-vim-bar.me\/wp-content\/uploads\/2023\/01\/325849968_937296441012271_903968838488413153_n-1024x679.jpg\" alt=\"\" class=\"wp-image-348\" srcset=\"https:\/\/jpu-vim-bar.me\/wp-content\/uploads\/2023\/01\/325849968_937296441012271_903968838488413153_n-1024x679.jpg 1024w, https:\/\/jpu-vim-bar.me\/wp-content\/uploads\/2023\/01\/325849968_937296441012271_903968838488413153_n-300x199.jpg 300w, https:\/\/jpu-vim-bar.me\/wp-content\/uploads\/2023\/01\/325849968_937296441012271_903968838488413153_n-768x509.jpg 768w, https:\/\/jpu-vim-bar.me\/wp-content\/uploads\/2023\/01\/325849968_937296441012271_903968838488413153_n-1200x796.jpg 1200w, https:\/\/jpu-vim-bar.me\/wp-content\/uploads\/2023\/01\/325849968_937296441012271_903968838488413153_n.jpg 1298w\" sizes=\"auto, (max-width: 709px) 85vw, (max-width: 909px) 67vw, (max-width: 1362px) 62vw, 840px\" \/><\/figure>\n\n\n\n<figure class=\"wp-block-image size-large\"><img loading=\"lazy\" decoding=\"async\" width=\"1024\" height=\"768\" data-id=\"351\" src=\"https:\/\/jpu-vim-bar.me\/wp-content\/uploads\/2023\/01\/324584234_1382543355816962_3151803538316010216_n-1024x768.jpg\" alt=\"\" class=\"wp-image-351\" srcset=\"https:\/\/jpu-vim-bar.me\/wp-content\/uploads\/2023\/01\/324584234_1382543355816962_3151803538316010216_n-1024x768.jpg 1024w, https:\/\/jpu-vim-bar.me\/wp-content\/uploads\/2023\/01\/324584234_1382543355816962_3151803538316010216_n-300x225.jpg 300w, https:\/\/jpu-vim-bar.me\/wp-content\/uploads\/2023\/01\/324584234_1382543355816962_3151803538316010216_n-768x576.jpg 768w, https:\/\/jpu-vim-bar.me\/wp-content\/uploads\/2023\/01\/324584234_1382543355816962_3151803538316010216_n-1536x1152.jpg 1536w, https:\/\/jpu-vim-bar.me\/wp-content\/uploads\/2023\/01\/324584234_1382543355816962_3151803538316010216_n-1200x900.jpg 1200w, https:\/\/jpu-vim-bar.me\/wp-content\/uploads\/2023\/01\/324584234_1382543355816962_3151803538316010216_n.jpg 1600w\" sizes=\"auto, (max-width: 709px) 85vw, (max-width: 909px) 67vw, (max-width: 1362px) 62vw, 840px\" \/><\/figure>\n\n\n\n<figure class=\"wp-block-image size-large\"><img loading=\"lazy\" decoding=\"async\" width=\"768\" height=\"1024\" data-id=\"349\" src=\"https:\/\/jpu-vim-bar.me\/wp-content\/uploads\/2023\/01\/324895773_3418538025068336_4236382919384867124_n-768x1024.jpg\" alt=\"\" class=\"wp-image-349\" srcset=\"https:\/\/jpu-vim-bar.me\/wp-content\/uploads\/2023\/01\/324895773_3418538025068336_4236382919384867124_n-768x1024.jpg 768w, https:\/\/jpu-vim-bar.me\/wp-content\/uploads\/2023\/01\/324895773_3418538025068336_4236382919384867124_n-225x300.jpg 225w, https:\/\/jpu-vim-bar.me\/wp-content\/uploads\/2023\/01\/324895773_3418538025068336_4236382919384867124_n-1152x1536.jpg 1152w, https:\/\/jpu-vim-bar.me\/wp-content\/uploads\/2023\/01\/324895773_3418538025068336_4236382919384867124_n.jpg 1200w\" sizes=\"auto, (max-width: 768px) 85vw, 768px\" \/><\/figure>\n\n\n\n<figure class=\"wp-block-image size-large\"><img loading=\"lazy\" decoding=\"async\" width=\"768\" height=\"1024\" data-id=\"359\" src=\"https:\/\/jpu-vim-bar.me\/wp-content\/uploads\/2023\/01\/326013219_697185355177517_946196585142521701_n-768x1024.jpg\" alt=\"\" class=\"wp-image-359\" srcset=\"https:\/\/jpu-vim-bar.me\/wp-content\/uploads\/2023\/01\/326013219_697185355177517_946196585142521701_n-768x1024.jpg 768w, https:\/\/jpu-vim-bar.me\/wp-content\/uploads\/2023\/01\/326013219_697185355177517_946196585142521701_n-225x300.jpg 225w, https:\/\/jpu-vim-bar.me\/wp-content\/uploads\/2023\/01\/326013219_697185355177517_946196585142521701_n-1152x1536.jpg 1152w, https:\/\/jpu-vim-bar.me\/wp-content\/uploads\/2023\/01\/326013219_697185355177517_946196585142521701_n.jpg 1200w\" sizes=\"auto, (max-width: 768px) 85vw, 768px\" \/><\/figure>\n\n\n\n<figure class=\"wp-block-image\"><img decoding=\"async\" src=\"https:\/\/jpu-vim-bar.me\/wp-content\/uploads\/2023\/01\/323708633_1188691211768506_7502138930537854898_n-768x1024.jpg\" alt=\"Slika ima prazan alternativni atribut; njen naziv fajla je 323708633_1188691211768506_7502138930537854898_n-768x1024.jpg\"\/><\/figure>\n\n\n\n<figure class=\"wp-block-image size-large\"><img loading=\"lazy\" decoding=\"async\" width=\"768\" height=\"1024\" data-id=\"352\" src=\"https:\/\/jpu-vim-bar.me\/wp-content\/uploads\/2023\/01\/324074478_666524565156244_6146780684511887297_n-768x1024.jpg\" alt=\"\" class=\"wp-image-352\" srcset=\"https:\/\/jpu-vim-bar.me\/wp-content\/uploads\/2023\/01\/324074478_666524565156244_6146780684511887297_n-768x1024.jpg 768w, https:\/\/jpu-vim-bar.me\/wp-content\/uploads\/2023\/01\/324074478_666524565156244_6146780684511887297_n-225x300.jpg 225w, https:\/\/jpu-vim-bar.me\/wp-content\/uploads\/2023\/01\/324074478_666524565156244_6146780684511887297_n-1152x1536.jpg 1152w, https:\/\/jpu-vim-bar.me\/wp-content\/uploads\/2023\/01\/324074478_666524565156244_6146780684511887297_n.jpg 1200w\" sizes=\"auto, (max-width: 768px) 85vw, 768px\" \/><\/figure>\n\n\n\n<figure class=\"wp-block-image size-large\"><img loading=\"lazy\" decoding=\"async\" width=\"1024\" height=\"768\" data-id=\"353\" src=\"https:\/\/jpu-vim-bar.me\/wp-content\/uploads\/2023\/01\/323922589_684157499918570_8715386118440714869_n-1024x768.jpg\" alt=\"\" class=\"wp-image-353\" srcset=\"https:\/\/jpu-vim-bar.me\/wp-content\/uploads\/2023\/01\/323922589_684157499918570_8715386118440714869_n-1024x768.jpg 1024w, https:\/\/jpu-vim-bar.me\/wp-content\/uploads\/2023\/01\/323922589_684157499918570_8715386118440714869_n-300x225.jpg 300w, https:\/\/jpu-vim-bar.me\/wp-content\/uploads\/2023\/01\/323922589_684157499918570_8715386118440714869_n-768x576.jpg 768w, https:\/\/jpu-vim-bar.me\/wp-content\/uploads\/2023\/01\/323922589_684157499918570_8715386118440714869_n-1536x1152.jpg 1536w, https:\/\/jpu-vim-bar.me\/wp-content\/uploads\/2023\/01\/323922589_684157499918570_8715386118440714869_n-1200x900.jpg 1200w, https:\/\/jpu-vim-bar.me\/wp-content\/uploads\/2023\/01\/323922589_684157499918570_8715386118440714869_n.jpg 1600w\" sizes=\"auto, (max-width: 709px) 85vw, (max-width: 909px) 67vw, (max-width: 1362px) 62vw, 840px\" \/><\/figure>\n\n\n\n<figure class=\"wp-block-image size-large\"><img loading=\"lazy\" decoding=\"async\" width=\"768\" height=\"1024\" data-id=\"354\" src=\"https:\/\/jpu-vim-bar.me\/wp-content\/uploads\/2023\/01\/324935801_564285262267009_7500323853844714169_n-768x1024.jpg\" alt=\"\" class=\"wp-image-354\" srcset=\"https:\/\/jpu-vim-bar.me\/wp-content\/uploads\/2023\/01\/324935801_564285262267009_7500323853844714169_n-768x1024.jpg 768w, https:\/\/jpu-vim-bar.me\/wp-content\/uploads\/2023\/01\/324935801_564285262267009_7500323853844714169_n-225x300.jpg 225w, https:\/\/jpu-vim-bar.me\/wp-content\/uploads\/2023\/01\/324935801_564285262267009_7500323853844714169_n-1152x1536.jpg 1152w, https:\/\/jpu-vim-bar.me\/wp-content\/uploads\/2023\/01\/324935801_564285262267009_7500323853844714169_n.jpg 1200w\" sizes=\"auto, (max-width: 768px) 85vw, 768px\" \/><\/figure>\n\n\n\n<figure class=\"wp-block-image size-large\"><img loading=\"lazy\" decoding=\"async\" width=\"1024\" height=\"768\" data-id=\"355\" src=\"https:\/\/jpu-vim-bar.me\/wp-content\/uploads\/2023\/01\/324107432_1151746805537093_499952489623495054_n-1024x768.jpg\" alt=\"\" class=\"wp-image-355\" srcset=\"https:\/\/jpu-vim-bar.me\/wp-content\/uploads\/2023\/01\/324107432_1151746805537093_499952489623495054_n-1024x768.jpg 1024w, https:\/\/jpu-vim-bar.me\/wp-content\/uploads\/2023\/01\/324107432_1151746805537093_499952489623495054_n-300x225.jpg 300w, https:\/\/jpu-vim-bar.me\/wp-content\/uploads\/2023\/01\/324107432_1151746805537093_499952489623495054_n-768x576.jpg 768w, https:\/\/jpu-vim-bar.me\/wp-content\/uploads\/2023\/01\/324107432_1151746805537093_499952489623495054_n-1536x1152.jpg 1536w, https:\/\/jpu-vim-bar.me\/wp-content\/uploads\/2023\/01\/324107432_1151746805537093_499952489623495054_n-1200x900.jpg 1200w, https:\/\/jpu-vim-bar.me\/wp-content\/uploads\/2023\/01\/324107432_1151746805537093_499952489623495054_n.jpg 1600w\" sizes=\"auto, (max-width: 709px) 85vw, (max-width: 909px) 67vw, (max-width: 1362px) 62vw, 840px\" \/><\/figure>\n\n\n\n<figure class=\"wp-block-image size-large\"><img loading=\"lazy\" decoding=\"async\" width=\"1024\" height=\"768\" data-id=\"356\" src=\"https:\/\/jpu-vim-bar.me\/wp-content\/uploads\/2023\/01\/324335538_569270551726896_3155521527220451311_n-1024x768.jpg\" alt=\"\" class=\"wp-image-356\" srcset=\"https:\/\/jpu-vim-bar.me\/wp-content\/uploads\/2023\/01\/324335538_569270551726896_3155521527220451311_n-1024x768.jpg 1024w, https:\/\/jpu-vim-bar.me\/wp-content\/uploads\/2023\/01\/324335538_569270551726896_3155521527220451311_n-300x225.jpg 300w, https:\/\/jpu-vim-bar.me\/wp-content\/uploads\/2023\/01\/324335538_569270551726896_3155521527220451311_n-768x576.jpg 768w, https:\/\/jpu-vim-bar.me\/wp-content\/uploads\/2023\/01\/324335538_569270551726896_3155521527220451311_n-1536x1152.jpg 1536w, https:\/\/jpu-vim-bar.me\/wp-content\/uploads\/2023\/01\/324335538_569270551726896_3155521527220451311_n-1200x900.jpg 1200w, https:\/\/jpu-vim-bar.me\/wp-content\/uploads\/2023\/01\/324335538_569270551726896_3155521527220451311_n.jpg 1600w\" sizes=\"auto, (max-width: 709px) 85vw, (max-width: 909px) 67vw, (max-width: 1362px) 62vw, 840px\" \/><\/figure>\n\n\n\n<figure class=\"wp-block-image size-large\"><img loading=\"lazy\" decoding=\"async\" width=\"1024\" height=\"768\" data-id=\"358\" src=\"https:\/\/jpu-vim-bar.me\/wp-content\/uploads\/2023\/01\/324427595_718096256419244_1156642068297135046_n-1024x768.jpg\" alt=\"\" class=\"wp-image-358\" srcset=\"https:\/\/jpu-vim-bar.me\/wp-content\/uploads\/2023\/01\/324427595_718096256419244_1156642068297135046_n-1024x768.jpg 1024w, https:\/\/jpu-vim-bar.me\/wp-content\/uploads\/2023\/01\/324427595_718096256419244_1156642068297135046_n-300x225.jpg 300w, https:\/\/jpu-vim-bar.me\/wp-content\/uploads\/2023\/01\/324427595_718096256419244_1156642068297135046_n-768x576.jpg 768w, https:\/\/jpu-vim-bar.me\/wp-content\/uploads\/2023\/01\/324427595_718096256419244_1156642068297135046_n-1536x1152.jpg 1536w, https:\/\/jpu-vim-bar.me\/wp-content\/uploads\/2023\/01\/324427595_718096256419244_1156642068297135046_n-1200x900.jpg 1200w, https:\/\/jpu-vim-bar.me\/wp-content\/uploads\/2023\/01\/324427595_718096256419244_1156642068297135046_n.jpg 1600w\" sizes=\"auto, (max-width: 709px) 85vw, (max-width: 909px) 67vw, (max-width: 1362px) 62vw, 840px\" \/><\/figure>\n<\/figure>\n","protected":false},"excerpt":{"rendered":"<p>Dana 16.01.2023 je JPU &#8220;Vukosava Ivanovi\u0107 Ma\u0161anovi\u0107&#8221; otvorila novu vaspitnu jedinicu &#8220;P\u010delica&#8221;, u ulici Rista Leki\u0107a, namijenjenu djeci jaslenog uzrasta, \u010dime se broj djece koja nijesu upisana u na\u0161u pred\u0161kolsku ustanovu smanjio na manje od \u0161ezdeset. Podsje\u0107anja radi, za \u0161kolsku 2022\/23. godinu je formirana lista \u010dekanja koja je u septembru 2022. godine brojala dvije stotine &hellip; <a href=\"https:\/\/jpu-vim-bar.me\/?page_id=344\" class=\"more-link\">Nastavi \u010ditati<span class=\"screen-reader-text\"> &#8220;P\u010delica&#8221;<\/span><\/a><\/p>\n","protected":false},"author":1,"featured_media":0,"parent":0,"menu_order":0,"comment_status":"closed","ping_status":"closed","template":"","meta":{"footnotes":""},"class_list":["post-344","page","type-page","status-publish","hentry"],"_links":{"self":[{"href":"https:\/\/jpu-vim-bar.me\/index.php?rest_route=\/wp\/v2\/pages\/344","targetHints":{"allow":["GET"]}}],"collection":[{"href":"https:\/\/jpu-vim-bar.me\/index.php?rest_route=\/wp\/v2\/pages"}],"about":[{"href":"https:\/\/jpu-vim-bar.me\/index.php?rest_route=\/wp\/v2\/types\/page"}],"author":[{"embeddable":true,"href":"https:\/\/jpu-vim-bar.me\/index.php?rest_route=\/wp\/v2\/users\/1"}],"replies":[{"embeddable":true,"href":"https:\/\/jpu-vim-bar.me\/index.php?rest_route=%2Fwp%2Fv2%2Fcomments&post=344"}],"version-history":[{"count":2,"href":"https:\/\/jpu-vim-bar.me\/index.php?rest_route=\/wp\/v2\/pages\/344\/revisions"}],"predecessor-version":[{"id":360,"href":"https:\/\/jpu-vim-bar.me\/index.php?rest_route=\/wp\/v2\/pages\/344\/revisions\/360"}],"wp:attachment":[{"href":"https:\/\/jpu-vim-bar.me\/index.php?rest_route=%2Fwp%2Fv2%2Fmedia&parent=344"}],"curies":[{"name":"wp","href":"https:\/\/api.w.org\/{rel}","templated":true}]}}