{"id":33,"date":"2022-06-06T15:29:53","date_gmt":"2022-06-06T13:29:53","guid":{"rendered":"https:\/\/jpu-vim-bar.me\/?page_id=33"},"modified":"2022-07-04T12:19:34","modified_gmt":"2022-07-04T10:19:34","slug":"mali-princ","status":"publish","type":"page","link":"https:\/\/jpu-vim-bar.me\/?page_id=33","title":{"rendered":"Mali princ"},"content":{"rendered":"\n<p><strong>Vaspitna jedinica \u00bbMali princ\u00ab<\/strong> na \u017dukotrlici je monta\u017enog tipa povr\u0161ine 400m2 koji se sastoji\u00a0 od tri radne prostorije za djecu,priru\u010dne kuhinje,sobe za trija\u017eu,sanitarnih \u010dvorova i magacinskog prostora.Zagrijavanje se u\u00a0 grejnoj sezoni vr\u0161i termovent konvektorima.Objekat je klimatizovan Dvori\u0161te je povr\u0161ine 1200 m2,i ogra\u0111eno je i slabo\u00a0 opremljeno rekvizitima.Prilaz objektu je prilagodjen djeci sa posebnim potrebama.<\/p>\n\n\n<div class=\"wp-block-image\">\n<figure class=\"aligncenter size-full\"><img loading=\"lazy\" decoding=\"async\" width=\"591\" height=\"394\" src=\"https:\/\/jpu-vim-bar.me\/wp-content\/uploads\/2022\/07\/mali-princ.jpg\" alt=\"\" class=\"wp-image-161\" srcset=\"https:\/\/jpu-vim-bar.me\/wp-content\/uploads\/2022\/07\/mali-princ.jpg 591w, https:\/\/jpu-vim-bar.me\/wp-content\/uploads\/2022\/07\/mali-princ-300x200.jpg 300w\" sizes=\"auto, (max-width: 591px) 85vw, 591px\" \/><\/figure>\n<\/div>","protected":false},"excerpt":{"rendered":"<p>Vaspitna jedinica \u00bbMali princ\u00ab na \u017dukotrlici je monta\u017enog tipa povr\u0161ine 400m2 koji se sastoji\u00a0 od tri radne prostorije za djecu,priru\u010dne kuhinje,sobe za trija\u017eu,sanitarnih \u010dvorova i magacinskog prostora.Zagrijavanje se u\u00a0 grejnoj sezoni vr\u0161i termovent konvektorima.Objekat je klimatizovan Dvori\u0161te je povr\u0161ine 1200 m2,i ogra\u0111eno je i slabo\u00a0 opremljeno rekvizitima.Prilaz objektu je prilagodjen djeci sa posebnim potrebama.<\/p>\n","protected":false},"author":1,"featured_media":0,"parent":0,"menu_order":0,"comment_status":"closed","ping_status":"closed","template":"","meta":{"footnotes":""},"class_list":["post-33","page","type-page","status-publish","hentry"],"_links":{"self":[{"href":"https:\/\/jpu-vim-bar.me\/index.php?rest_route=\/wp\/v2\/pages\/33","targetHints":{"allow":["GET"]}}],"collection":[{"href":"https:\/\/jpu-vim-bar.me\/index.php?rest_route=\/wp\/v2\/pages"}],"about":[{"href":"https:\/\/jpu-vim-bar.me\/index.php?rest_route=\/wp\/v2\/types\/page"}],"author":[{"embeddable":true,"href":"https:\/\/jpu-vim-bar.me\/index.php?rest_route=\/wp\/v2\/users\/1"}],"replies":[{"embeddable":true,"href":"https:\/\/jpu-vim-bar.me\/index.php?rest_route=%2Fwp%2Fv2%2Fcomments&post=33"}],"version-history":[{"count":3,"href":"https:\/\/jpu-vim-bar.me\/index.php?rest_route=\/wp\/v2\/pages\/33\/revisions"}],"predecessor-version":[{"id":163,"href":"https:\/\/jpu-vim-bar.me\/index.php?rest_route=\/wp\/v2\/pages\/33\/revisions\/163"}],"wp:attachment":[{"href":"https:\/\/jpu-vim-bar.me\/index.php?rest_route=%2Fwp%2Fv2%2Fmedia&parent=33"}],"curies":[{"name":"wp","href":"https:\/\/api.w.org\/{rel}","templated":true}]}}