{"id":31,"date":"2022-06-06T15:29:35","date_gmt":"2022-06-06T13:29:35","guid":{"rendered":"https:\/\/jpu-vim-bar.me\/?page_id=31"},"modified":"2022-07-04T12:20:51","modified_gmt":"2022-07-04T10:20:51","slug":"mala-sirena","status":"publish","type":"page","link":"https:\/\/jpu-vim-bar.me\/?page_id=31","title":{"rendered":"Mala sirena"},"content":{"rendered":"\n<p><strong>Vaspitna jedinica \u201eMala Sirena\u201c<\/strong>je gradjen od tvrdog materijala,povr\u0161ine 4oom2,sa \u010detiri radne prostorije za boravak djece,(tri zabavi\u0161ne grupe sa galerijama za spavanje i jedna jasli\u010dna grupa), , priru\u010dnom kuhinjom,sanitarnim \u010dvorovima.Dvori\u0161te je povr\u0161ine 2000m2,ozelenjeno i\u00a0 slabo opremljeno dvori\u0161nim rekvizitima,jer su devastirani\u00a0 od strane okoline.\u00a0\u00a0\u00a0<\/p>\n\n\n<div class=\"wp-block-image\">\n<figure class=\"aligncenter size-full\"><img loading=\"lazy\" decoding=\"async\" width=\"458\" height=\"305\" src=\"https:\/\/jpu-vim-bar.me\/wp-content\/uploads\/2022\/07\/mala-sirena.jpg\" alt=\"\" class=\"wp-image-164\" srcset=\"https:\/\/jpu-vim-bar.me\/wp-content\/uploads\/2022\/07\/mala-sirena.jpg 458w, https:\/\/jpu-vim-bar.me\/wp-content\/uploads\/2022\/07\/mala-sirena-300x200.jpg 300w\" sizes=\"auto, (max-width: 458px) 85vw, 458px\" \/><\/figure>\n<\/div>","protected":false},"excerpt":{"rendered":"<p>Vaspitna jedinica \u201eMala Sirena\u201cje gradjen od tvrdog materijala,povr\u0161ine 4oom2,sa \u010detiri radne prostorije za boravak djece,(tri zabavi\u0161ne grupe sa galerijama za spavanje i jedna jasli\u010dna grupa), , priru\u010dnom kuhinjom,sanitarnim \u010dvorovima.Dvori\u0161te je povr\u0161ine 2000m2,ozelenjeno i\u00a0 slabo opremljeno dvori\u0161nim rekvizitima,jer su devastirani\u00a0 od strane okoline.\u00a0\u00a0\u00a0<\/p>\n","protected":false},"author":1,"featured_media":0,"parent":0,"menu_order":0,"comment_status":"closed","ping_status":"closed","template":"","meta":{"footnotes":""},"class_list":["post-31","page","type-page","status-publish","hentry"],"_links":{"self":[{"href":"https:\/\/jpu-vim-bar.me\/index.php?rest_route=\/wp\/v2\/pages\/31","targetHints":{"allow":["GET"]}}],"collection":[{"href":"https:\/\/jpu-vim-bar.me\/index.php?rest_route=\/wp\/v2\/pages"}],"about":[{"href":"https:\/\/jpu-vim-bar.me\/index.php?rest_route=\/wp\/v2\/types\/page"}],"author":[{"embeddable":true,"href":"https:\/\/jpu-vim-bar.me\/index.php?rest_route=\/wp\/v2\/users\/1"}],"replies":[{"embeddable":true,"href":"https:\/\/jpu-vim-bar.me\/index.php?rest_route=%2Fwp%2Fv2%2Fcomments&post=31"}],"version-history":[{"count":3,"href":"https:\/\/jpu-vim-bar.me\/index.php?rest_route=\/wp\/v2\/pages\/31\/revisions"}],"predecessor-version":[{"id":166,"href":"https:\/\/jpu-vim-bar.me\/index.php?rest_route=\/wp\/v2\/pages\/31\/revisions\/166"}],"wp:attachment":[{"href":"https:\/\/jpu-vim-bar.me\/index.php?rest_route=%2Fwp%2Fv2%2Fmedia&parent=31"}],"curies":[{"name":"wp","href":"https:\/\/api.w.org\/{rel}","templated":true}]}}