{"id":29,"date":"2022-06-06T15:29:18","date_gmt":"2022-06-06T13:29:18","guid":{"rendered":"https:\/\/jpu-vim-bar.me\/?page_id=29"},"modified":"2022-07-04T12:27:19","modified_gmt":"2022-07-04T10:27:19","slug":"mala-maslina","status":"publish","type":"page","link":"https:\/\/jpu-vim-bar.me\/?page_id=29","title":{"rendered":"Mala maslina"},"content":{"rendered":"\n<p><strong>Vaspitna jedinica \u00bbMala maslina\u00ab<\/strong>\u00a0 u Starom Baru egzistira u prostoru O\u0160 \u00bbSrbija\u00ab i ona u svom sastavu ima dvije mje\u0161ovite grupe,jasli\u010dno-mladju uzrasta od dvije do \u010detiri godine i srednje-stariju uzrasta od\u00a0 \u010detiri godine do polaska u \u0161kolu.Vaspitna jedinica je na cjelodnevnom boravku,a \u00a0obroci se distribuiraju\u00a0 iz centralne kuhinje.<\/p>\n\n\n<div class=\"wp-block-image\">\n<figure class=\"aligncenter size-full\"><img loading=\"lazy\" decoding=\"async\" width=\"960\" height=\"720\" src=\"https:\/\/jpu-vim-bar.me\/wp-content\/uploads\/2022\/07\/mala-maslina.jpg\" alt=\"\" class=\"wp-image-177\" srcset=\"https:\/\/jpu-vim-bar.me\/wp-content\/uploads\/2022\/07\/mala-maslina.jpg 960w, https:\/\/jpu-vim-bar.me\/wp-content\/uploads\/2022\/07\/mala-maslina-300x225.jpg 300w, https:\/\/jpu-vim-bar.me\/wp-content\/uploads\/2022\/07\/mala-maslina-768x576.jpg 768w\" sizes=\"auto, (max-width: 709px) 85vw, (max-width: 909px) 67vw, (max-width: 1362px) 62vw, 840px\" \/><\/figure>\n<\/div>","protected":false},"excerpt":{"rendered":"<p>Vaspitna jedinica \u00bbMala maslina\u00ab\u00a0 u Starom Baru egzistira u prostoru O\u0160 \u00bbSrbija\u00ab i ona u svom sastavu ima dvije mje\u0161ovite grupe,jasli\u010dno-mladju uzrasta od dvije do \u010detiri godine i srednje-stariju uzrasta od\u00a0 \u010detiri godine do polaska u \u0161kolu.Vaspitna jedinica je na cjelodnevnom boravku,a \u00a0obroci se distribuiraju\u00a0 iz centralne kuhinje.<\/p>\n","protected":false},"author":1,"featured_media":0,"parent":0,"menu_order":0,"comment_status":"closed","ping_status":"closed","template":"","meta":{"footnotes":""},"class_list":["post-29","page","type-page","status-publish","hentry"],"_links":{"self":[{"href":"https:\/\/jpu-vim-bar.me\/index.php?rest_route=\/wp\/v2\/pages\/29","targetHints":{"allow":["GET"]}}],"collection":[{"href":"https:\/\/jpu-vim-bar.me\/index.php?rest_route=\/wp\/v2\/pages"}],"about":[{"href":"https:\/\/jpu-vim-bar.me\/index.php?rest_route=\/wp\/v2\/types\/page"}],"author":[{"embeddable":true,"href":"https:\/\/jpu-vim-bar.me\/index.php?rest_route=\/wp\/v2\/users\/1"}],"replies":[{"embeddable":true,"href":"https:\/\/jpu-vim-bar.me\/index.php?rest_route=%2Fwp%2Fv2%2Fcomments&post=29"}],"version-history":[{"count":3,"href":"https:\/\/jpu-vim-bar.me\/index.php?rest_route=\/wp\/v2\/pages\/29\/revisions"}],"predecessor-version":[{"id":179,"href":"https:\/\/jpu-vim-bar.me\/index.php?rest_route=\/wp\/v2\/pages\/29\/revisions\/179"}],"wp:attachment":[{"href":"https:\/\/jpu-vim-bar.me\/index.php?rest_route=%2Fwp%2Fv2%2Fmedia&parent=29"}],"curies":[{"name":"wp","href":"https:\/\/api.w.org\/{rel}","templated":true}]}}