{"id":27,"date":"2022-06-06T15:28:57","date_gmt":"2022-06-06T13:28:57","guid":{"rendered":"https:\/\/jpu-vim-bar.me\/?page_id=27"},"modified":"2022-07-04T12:31:09","modified_gmt":"2022-07-04T10:31:09","slug":"mala-luka","status":"publish","type":"page","link":"https:\/\/jpu-vim-bar.me\/?page_id=27","title":{"rendered":"Mala luka"},"content":{"rendered":"\n<p><strong>Vaspitna jedinica \u00bbMala luka<\/strong>\u00ab je otvorena 15 oktobra 2018 godine u zakupljenom prostoru koji je vlasni\u0161tvo AD \u00bbLuka Bar\u00ab.Kapacitet ove vaspitne jedinice je 150-ro djece rasporedjeno u \u0161est vaspitnih grupa uzrasta od godinu dana do polaska u \u0161kolu.Objekat je povr\u0161ine 400 m2 zatvorenog prostora i 987m 2 otvorenog prostora koji je oplemenjen zasadima i postavljen mobilijar za dje\u010diju igru.Objekat je opremljen po svim standardima,a sastoji se od \u0161est radnih soba,dvije priru\u010dne kuhinje (jedna u prizemlju i jedna na spratu) i biblioteke igra\u010daka i sobe za vaspita\u010de kao i dovoljan broj sanitarnih \u010dvorova za djecu i vaspita\u010de.<\/p>\n\n\n<div class=\"wp-block-image\">\n<figure class=\"aligncenter size-full\"><img loading=\"lazy\" decoding=\"async\" width=\"628\" height=\"419\" src=\"https:\/\/jpu-vim-bar.me\/wp-content\/uploads\/2022\/07\/mala-luka.jpg\" alt=\"\" class=\"wp-image-186\" srcset=\"https:\/\/jpu-vim-bar.me\/wp-content\/uploads\/2022\/07\/mala-luka.jpg 628w, https:\/\/jpu-vim-bar.me\/wp-content\/uploads\/2022\/07\/mala-luka-300x200.jpg 300w\" sizes=\"auto, (max-width: 628px) 85vw, 628px\" \/><\/figure>\n<\/div>","protected":false},"excerpt":{"rendered":"<p>Vaspitna jedinica \u00bbMala luka\u00ab je otvorena 15 oktobra 2018 godine u zakupljenom prostoru koji je vlasni\u0161tvo AD \u00bbLuka Bar\u00ab.Kapacitet ove vaspitne jedinice je 150-ro djece rasporedjeno u \u0161est vaspitnih grupa uzrasta od godinu dana do polaska u \u0161kolu.Objekat je povr\u0161ine 400 m2 zatvorenog prostora i 987m 2 otvorenog prostora koji je oplemenjen zasadima i postavljen &hellip; <a href=\"https:\/\/jpu-vim-bar.me\/?page_id=27\" class=\"more-link\">Nastavi \u010ditati<span class=\"screen-reader-text\"> &#8220;Mala luka&#8221;<\/span><\/a><\/p>\n","protected":false},"author":1,"featured_media":0,"parent":0,"menu_order":0,"comment_status":"closed","ping_status":"closed","template":"","meta":{"footnotes":""},"class_list":["post-27","page","type-page","status-publish","hentry"],"_links":{"self":[{"href":"https:\/\/jpu-vim-bar.me\/index.php?rest_route=\/wp\/v2\/pages\/27","targetHints":{"allow":["GET"]}}],"collection":[{"href":"https:\/\/jpu-vim-bar.me\/index.php?rest_route=\/wp\/v2\/pages"}],"about":[{"href":"https:\/\/jpu-vim-bar.me\/index.php?rest_route=\/wp\/v2\/types\/page"}],"author":[{"embeddable":true,"href":"https:\/\/jpu-vim-bar.me\/index.php?rest_route=\/wp\/v2\/users\/1"}],"replies":[{"embeddable":true,"href":"https:\/\/jpu-vim-bar.me\/index.php?rest_route=%2Fwp%2Fv2%2Fcomments&post=27"}],"version-history":[{"count":3,"href":"https:\/\/jpu-vim-bar.me\/index.php?rest_route=\/wp\/v2\/pages\/27\/revisions"}],"predecessor-version":[{"id":188,"href":"https:\/\/jpu-vim-bar.me\/index.php?rest_route=\/wp\/v2\/pages\/27\/revisions\/188"}],"wp:attachment":[{"href":"https:\/\/jpu-vim-bar.me\/index.php?rest_route=%2Fwp%2Fv2%2Fmedia&parent=27"}],"curies":[{"name":"wp","href":"https:\/\/api.w.org\/{rel}","templated":true}]}}