{"id":23,"date":"2022-06-06T15:28:20","date_gmt":"2022-06-06T13:28:20","guid":{"rendered":"https:\/\/jpu-vim-bar.me\/?page_id=23"},"modified":"2022-11-29T17:37:33","modified_gmt":"2022-11-29T16:37:33","slug":"kontakt","status":"publish","type":"page","link":"https:\/\/jpu-vim-bar.me\/?page_id=23","title":{"rendered":"Kontakt"},"content":{"rendered":"\n<p><strong>Javna pred\u0161kolska ustanova &#8220;<\/strong><strong>Vukosava Ivanovi\u0107 Ma\u0161anovi\u0107<\/strong><strong>&#8220;<\/strong><\/p>\n\n\n\n<p><strong>Bjeli\u0161i bb.<\/strong><\/p>\n\n\n\n<p><strong>85000 Bar \/ Crna Gora<\/strong><\/p>\n\n\n\n<p><strong>e-mail:<\/strong> <a href=\"mailto:vrtic@vimasanovic.edu.me\"><strong>vrtic@vimasanovic.edu.me<\/strong><\/a> ,<a href=\"mailto:jpuvim@t-com.me\"><strong> jpuvim@t-com.me<\/strong><\/a><\/p>\n\n\n\n<p><strong>\u200bKontakt telefon Uprave:&nbsp;+ 382 30\/ 302-100<\/strong><\/p>\n\n\n\n<p><\/p>\n\n\n\n<p><\/p>\n","protected":false},"excerpt":{"rendered":"<p>Javna pred\u0161kolska ustanova &#8220;Vukosava Ivanovi\u0107 Ma\u0161anovi\u0107&#8220; Bjeli\u0161i bb. 85000 Bar \/ Crna Gora e-mail: vrtic@vimasanovic.edu.me , jpuvim@t-com.me \u200bKontakt telefon Uprave:&nbsp;+ 382 30\/ 302-100<\/p>\n","protected":false},"author":1,"featured_media":0,"parent":0,"menu_order":0,"comment_status":"closed","ping_status":"closed","template":"","meta":{"footnotes":""},"class_list":["post-23","page","type-page","status-publish","hentry"],"_links":{"self":[{"href":"https:\/\/jpu-vim-bar.me\/index.php?rest_route=\/wp\/v2\/pages\/23","targetHints":{"allow":["GET"]}}],"collection":[{"href":"https:\/\/jpu-vim-bar.me\/index.php?rest_route=\/wp\/v2\/pages"}],"about":[{"href":"https:\/\/jpu-vim-bar.me\/index.php?rest_route=\/wp\/v2\/types\/page"}],"author":[{"embeddable":true,"href":"https:\/\/jpu-vim-bar.me\/index.php?rest_route=\/wp\/v2\/users\/1"}],"replies":[{"embeddable":true,"href":"https:\/\/jpu-vim-bar.me\/index.php?rest_route=%2Fwp%2Fv2%2Fcomments&post=23"}],"version-history":[{"count":8,"href":"https:\/\/jpu-vim-bar.me\/index.php?rest_route=\/wp\/v2\/pages\/23\/revisions"}],"predecessor-version":[{"id":236,"href":"https:\/\/jpu-vim-bar.me\/index.php?rest_route=\/wp\/v2\/pages\/23\/revisions\/236"}],"wp:attachment":[{"href":"https:\/\/jpu-vim-bar.me\/index.php?rest_route=%2Fwp%2Fv2%2Fmedia&parent=23"}],"curies":[{"name":"wp","href":"https:\/\/api.w.org\/{rel}","templated":true}]}}