{"id":19,"date":"2022-06-06T15:27:21","date_gmt":"2022-06-06T13:27:21","guid":{"rendered":"https:\/\/jpu-vim-bar.me\/?page_id=19"},"modified":"2022-07-04T12:29:53","modified_gmt":"2022-07-04T10:29:53","slug":"izvorcic","status":"publish","type":"page","link":"https:\/\/jpu-vim-bar.me\/?page_id=19","title":{"rendered":"Izvor\u010di\u0107"},"content":{"rendered":"\n<p><strong>Vaspitna jedinica \u00bbIzvor\u010di\u0107\u00ab<\/strong> je po\u010dela sa radom u novembru 2017 godine u prostoru JUO\u0160\u00abMrkojevi\u0107i\u00abpodru\u010dna jedinica Dobra voda,gdje\u00a0 egzistira jedna mje\u0161ovita vaspitna grupa na cjelodnevnom boravku,sa adaptiranom priru\u010dnom kuhinjom i sanitarnim \u010dvorovima za djecu i odrasle.Djeca koriste \u0161kolski otvoreni prostor koji nije opremljen rekvizitima za igru.Vaspitno-obrazovni rad se izvodi na crnogorskom jeziku.<\/p>\n\n\n<div class=\"wp-block-image\">\n<figure class=\"aligncenter size-full\"><img loading=\"lazy\" decoding=\"async\" width=\"543\" height=\"362\" src=\"https:\/\/jpu-vim-bar.me\/wp-content\/uploads\/2022\/07\/izvorcic.jpg\" alt=\"\" class=\"wp-image-183\" srcset=\"https:\/\/jpu-vim-bar.me\/wp-content\/uploads\/2022\/07\/izvorcic.jpg 543w, https:\/\/jpu-vim-bar.me\/wp-content\/uploads\/2022\/07\/izvorcic-300x200.jpg 300w\" sizes=\"auto, (max-width: 543px) 85vw, 543px\" \/><\/figure>\n<\/div>","protected":false},"excerpt":{"rendered":"<p>Vaspitna jedinica \u00bbIzvor\u010di\u0107\u00ab je po\u010dela sa radom u novembru 2017 godine u prostoru JUO\u0160\u00abMrkojevi\u0107i\u00abpodru\u010dna jedinica Dobra voda,gdje\u00a0 egzistira jedna mje\u0161ovita vaspitna grupa na cjelodnevnom boravku,sa adaptiranom priru\u010dnom kuhinjom i sanitarnim \u010dvorovima za djecu i odrasle.Djeca koriste \u0161kolski otvoreni prostor koji nije opremljen rekvizitima za igru.Vaspitno-obrazovni rad se izvodi na crnogorskom jeziku.<\/p>\n","protected":false},"author":1,"featured_media":0,"parent":0,"menu_order":0,"comment_status":"closed","ping_status":"closed","template":"","meta":{"footnotes":""},"class_list":["post-19","page","type-page","status-publish","hentry"],"_links":{"self":[{"href":"https:\/\/jpu-vim-bar.me\/index.php?rest_route=\/wp\/v2\/pages\/19","targetHints":{"allow":["GET"]}}],"collection":[{"href":"https:\/\/jpu-vim-bar.me\/index.php?rest_route=\/wp\/v2\/pages"}],"about":[{"href":"https:\/\/jpu-vim-bar.me\/index.php?rest_route=\/wp\/v2\/types\/page"}],"author":[{"embeddable":true,"href":"https:\/\/jpu-vim-bar.me\/index.php?rest_route=\/wp\/v2\/users\/1"}],"replies":[{"embeddable":true,"href":"https:\/\/jpu-vim-bar.me\/index.php?rest_route=%2Fwp%2Fv2%2Fcomments&post=19"}],"version-history":[{"count":3,"href":"https:\/\/jpu-vim-bar.me\/index.php?rest_route=\/wp\/v2\/pages\/19\/revisions"}],"predecessor-version":[{"id":185,"href":"https:\/\/jpu-vim-bar.me\/index.php?rest_route=\/wp\/v2\/pages\/19\/revisions\/185"}],"wp:attachment":[{"href":"https:\/\/jpu-vim-bar.me\/index.php?rest_route=%2Fwp%2Fv2%2Fmedia&parent=19"}],"curies":[{"name":"wp","href":"https:\/\/api.w.org\/{rel}","templated":true}]}}