{"id":17,"date":"2022-06-06T15:27:03","date_gmt":"2022-06-06T13:27:03","guid":{"rendered":"https:\/\/jpu-vim-bar.me\/?page_id=17"},"modified":"2022-07-04T12:18:59","modified_gmt":"2022-07-04T10:18:59","slug":"delfin","status":"publish","type":"page","link":"https:\/\/jpu-vim-bar.me\/?page_id=17","title":{"rendered":"Delfin"},"content":{"rendered":"\n<p><strong>Vaspitna jedinica \u00bbDelfin\u00ab<\/strong> u ulici Mar\u0161ala Tita bb,na Topolici je od \u010dvrstog materijala,povr\u0161ine 400m2,sa \u010detiri vaspitne grupe za boravak djece od\u00a0 1-6 godina,opremljene priru\u010dne kuhinje,holom,sobe za trija\u017eu i rad stru\u010dne slu\u017ebe i sanitarnih \u010dvorova.Dvori\u0161te je povr\u0161ine 1500m2 i opremljeno je dvori\u0161nim mobilijarom za potrebe djece.Objekat je klimatizovan a u vrijeme grejne sezone grejanje se vr\u0161i termovent konvektorijma.Prilaz objekta je prilagodjen djeci sa posebnim potrebama.U krugu dvori\u0161ta je opremljena stolarska radionica..<\/p>\n\n\n<div class=\"wp-block-image\">\n<figure class=\"aligncenter size-full\"><img loading=\"lazy\" decoding=\"async\" width=\"767\" height=\"430\" src=\"https:\/\/jpu-vim-bar.me\/wp-content\/uploads\/2022\/07\/delfin.jpg\" alt=\"\" class=\"wp-image-158\" srcset=\"https:\/\/jpu-vim-bar.me\/wp-content\/uploads\/2022\/07\/delfin.jpg 767w, https:\/\/jpu-vim-bar.me\/wp-content\/uploads\/2022\/07\/delfin-300x168.jpg 300w\" sizes=\"auto, (max-width: 767px) 85vw, 767px\" \/><\/figure>\n<\/div>","protected":false},"excerpt":{"rendered":"<p>Vaspitna jedinica \u00bbDelfin\u00ab u ulici Mar\u0161ala Tita bb,na Topolici je od \u010dvrstog materijala,povr\u0161ine 400m2,sa \u010detiri vaspitne grupe za boravak djece od\u00a0 1-6 godina,opremljene priru\u010dne kuhinje,holom,sobe za trija\u017eu i rad stru\u010dne slu\u017ebe i sanitarnih \u010dvorova.Dvori\u0161te je povr\u0161ine 1500m2 i opremljeno je dvori\u0161nim mobilijarom za potrebe djece.Objekat je klimatizovan a u vrijeme grejne sezone grejanje se vr\u0161i &hellip; <a href=\"https:\/\/jpu-vim-bar.me\/?page_id=17\" class=\"more-link\">Nastavi \u010ditati<span class=\"screen-reader-text\"> &#8220;Delfin&#8221;<\/span><\/a><\/p>\n","protected":false},"author":1,"featured_media":0,"parent":0,"menu_order":0,"comment_status":"closed","ping_status":"closed","template":"","meta":{"footnotes":""},"class_list":["post-17","page","type-page","status-publish","hentry"],"_links":{"self":[{"href":"https:\/\/jpu-vim-bar.me\/index.php?rest_route=\/wp\/v2\/pages\/17","targetHints":{"allow":["GET"]}}],"collection":[{"href":"https:\/\/jpu-vim-bar.me\/index.php?rest_route=\/wp\/v2\/pages"}],"about":[{"href":"https:\/\/jpu-vim-bar.me\/index.php?rest_route=\/wp\/v2\/types\/page"}],"author":[{"embeddable":true,"href":"https:\/\/jpu-vim-bar.me\/index.php?rest_route=\/wp\/v2\/users\/1"}],"replies":[{"embeddable":true,"href":"https:\/\/jpu-vim-bar.me\/index.php?rest_route=%2Fwp%2Fv2%2Fcomments&post=17"}],"version-history":[{"count":2,"href":"https:\/\/jpu-vim-bar.me\/index.php?rest_route=\/wp\/v2\/pages\/17\/revisions"}],"predecessor-version":[{"id":159,"href":"https:\/\/jpu-vim-bar.me\/index.php?rest_route=\/wp\/v2\/pages\/17\/revisions\/159"}],"wp:attachment":[{"href":"https:\/\/jpu-vim-bar.me\/index.php?rest_route=%2Fwp%2Fv2%2Fmedia&parent=17"}],"curies":[{"name":"wp","href":"https:\/\/api.w.org\/{rel}","templated":true}]}}