{"id":15,"date":"2022-06-06T15:26:47","date_gmt":"2022-06-06T13:26:47","guid":{"rendered":"https:\/\/jpu-vim-bar.me\/?page_id=15"},"modified":"2022-07-04T12:28:39","modified_gmt":"2022-07-04T10:28:39","slug":"cvijece-zivota","status":"publish","type":"page","link":"https:\/\/jpu-vim-bar.me\/?page_id=15","title":{"rendered":"Cvije\u0107e \u017eivota"},"content":{"rendered":"\n<p><strong>Vaspitna jedinica \u00bbCvije\u0107a \u017eivota\u00ab<\/strong> je novootvorena i\u00a0 po\u010dela je sa radom 01.09 2015 godine.Smje\u0161tena je u prostoru JUO\u0160 \u00bb\u0110er\u0111 Kastrioti-Skenderbeg\u00ab u Ostrosu\u00a0 i ima jednu mje\u0161ovitu grupu uzrasta od\u00a0 tri godine do polaska u \u0161kolu a vaspitno-obrazovni proces se odvija na albanskom jeziku.Sastoji se od radne sobe povrsine 55 m2 i kuhinje iste povr\u0161ine kao i sanitarnog \u010dvora\u00a0 i sve prostorije su\u00a0\u00a0 potpuno opremljene po standardima.Vaspitna jedinica funkcioni\u0161e na\u00a0 poludnevnom boravku.<\/p>\n\n\n<div class=\"wp-block-image\">\n<figure class=\"aligncenter size-full\"><img loading=\"lazy\" decoding=\"async\" width=\"960\" height=\"600\" src=\"https:\/\/jpu-vim-bar.me\/wp-content\/uploads\/2022\/07\/cvijece-zivota.jpg\" alt=\"\" class=\"wp-image-180\" srcset=\"https:\/\/jpu-vim-bar.me\/wp-content\/uploads\/2022\/07\/cvijece-zivota.jpg 960w, https:\/\/jpu-vim-bar.me\/wp-content\/uploads\/2022\/07\/cvijece-zivota-300x188.jpg 300w, https:\/\/jpu-vim-bar.me\/wp-content\/uploads\/2022\/07\/cvijece-zivota-768x480.jpg 768w\" sizes=\"auto, (max-width: 709px) 85vw, (max-width: 909px) 67vw, (max-width: 1362px) 62vw, 840px\" \/><\/figure>\n<\/div>","protected":false},"excerpt":{"rendered":"<p>Vaspitna jedinica \u00bbCvije\u0107a \u017eivota\u00ab je novootvorena i\u00a0 po\u010dela je sa radom 01.09 2015 godine.Smje\u0161tena je u prostoru JUO\u0160 \u00bb\u0110er\u0111 Kastrioti-Skenderbeg\u00ab u Ostrosu\u00a0 i ima jednu mje\u0161ovitu grupu uzrasta od\u00a0 tri godine do polaska u \u0161kolu a vaspitno-obrazovni proces se odvija na albanskom jeziku.Sastoji se od radne sobe povrsine 55 m2 i kuhinje iste povr\u0161ine kao &hellip; <a href=\"https:\/\/jpu-vim-bar.me\/?page_id=15\" class=\"more-link\">Nastavi \u010ditati<span class=\"screen-reader-text\"> &#8220;Cvije\u0107e \u017eivota&#8221;<\/span><\/a><\/p>\n","protected":false},"author":1,"featured_media":0,"parent":0,"menu_order":0,"comment_status":"closed","ping_status":"closed","template":"","meta":{"footnotes":""},"class_list":["post-15","page","type-page","status-publish","hentry"],"_links":{"self":[{"href":"https:\/\/jpu-vim-bar.me\/index.php?rest_route=\/wp\/v2\/pages\/15","targetHints":{"allow":["GET"]}}],"collection":[{"href":"https:\/\/jpu-vim-bar.me\/index.php?rest_route=\/wp\/v2\/pages"}],"about":[{"href":"https:\/\/jpu-vim-bar.me\/index.php?rest_route=\/wp\/v2\/types\/page"}],"author":[{"embeddable":true,"href":"https:\/\/jpu-vim-bar.me\/index.php?rest_route=\/wp\/v2\/users\/1"}],"replies":[{"embeddable":true,"href":"https:\/\/jpu-vim-bar.me\/index.php?rest_route=%2Fwp%2Fv2%2Fcomments&post=15"}],"version-history":[{"count":3,"href":"https:\/\/jpu-vim-bar.me\/index.php?rest_route=\/wp\/v2\/pages\/15\/revisions"}],"predecessor-version":[{"id":182,"href":"https:\/\/jpu-vim-bar.me\/index.php?rest_route=\/wp\/v2\/pages\/15\/revisions\/182"}],"wp:attachment":[{"href":"https:\/\/jpu-vim-bar.me\/index.php?rest_route=%2Fwp%2Fv2%2Fmedia&parent=15"}],"curies":[{"name":"wp","href":"https:\/\/api.w.org\/{rel}","templated":true}]}}