{"id":10,"date":"2022-06-06T15:25:56","date_gmt":"2022-06-06T13:25:56","guid":{"rendered":"https:\/\/jpu-vim-bar.me\/?page_id=10"},"modified":"2022-07-04T12:32:23","modified_gmt":"2022-07-04T10:32:23","slug":"bubamara","status":"publish","type":"page","link":"https:\/\/jpu-vim-bar.me\/?page_id=10","title":{"rendered":"Bubamara"},"content":{"rendered":"\n<p><strong>Vaspitna jedinica \u00bbBubamara\u00ab<\/strong> Zbog velike preoptere\u0107enosti objekata JPU \u201cVukosava Ivanovi\u0107 Ma\u0161anovi\u0107\u201d Bar, i prevelikog broja djece posebno u jasli\u010dnim i mla\u0111im grupama, Ustanova je bila primorana da uzme pod zakup nove prostore, i da otvori novu vaspitnu jedinicu.Novi prostor zakupljen je u zgradi na adresi ul. Rista Leki\u0107a, zgrada C 11, a ukupna povr\u0161ina zakupljenog prostora je 243,54. U ovom prostoru, koji je preure\u0111en i prilago\u0111en djeci jasli\u010dnog uzrasta smje\u0161tene su 4 vaspitne grupe jasli\u010dnog uzrasta i to dvije (2) grupe mla\u0111eg jasli\u010dnog uzrasta, i dvije (2) grupe srednjeg jasli\u010dnog uzrasta, s tim \u0161to se po dvije grupe nalaze u istoj prostoriji- radnoj sobi, a podjela je izvr\u0161ena zbog toga \u0161to se radi o maloj djeci i \u0161to je po propisima broj djece u ovom uzrastu u jednoj vaspitnoj grupi trebao biti 16-oro. Prostor se sastoji od:Ulaza sa garderobom, povrsine 51,6 m2,kancelarije pov. 19,05m2,kuhinje pov.19,05m2,toaleta (dva) po 1,36m2,kupatila (dva) 4,26m2,radne sobe (dvije) po 67,35m2, \u0161to ukupno iznosi 235,45m2<\/p>\n\n\n<div class=\"wp-block-image\">\n<figure class=\"aligncenter size-full\"><img loading=\"lazy\" decoding=\"async\" width=\"620\" height=\"414\" src=\"https:\/\/jpu-vim-bar.me\/wp-content\/uploads\/2022\/07\/buba-mara.jpg\" alt=\"\" class=\"wp-image-189\" srcset=\"https:\/\/jpu-vim-bar.me\/wp-content\/uploads\/2022\/07\/buba-mara.jpg 620w, https:\/\/jpu-vim-bar.me\/wp-content\/uploads\/2022\/07\/buba-mara-300x200.jpg 300w\" sizes=\"auto, (max-width: 620px) 85vw, 620px\" \/><\/figure>\n<\/div>","protected":false},"excerpt":{"rendered":"<p>Vaspitna jedinica \u00bbBubamara\u00ab Zbog velike preoptere\u0107enosti objekata JPU \u201cVukosava Ivanovi\u0107 Ma\u0161anovi\u0107\u201d Bar, i prevelikog broja djece posebno u jasli\u010dnim i mla\u0111im grupama, Ustanova je bila primorana da uzme pod zakup nove prostore, i da otvori novu vaspitnu jedinicu.Novi prostor zakupljen je u zgradi na adresi ul. Rista Leki\u0107a, zgrada C 11, a ukupna povr\u0161ina zakupljenog &hellip; <a href=\"https:\/\/jpu-vim-bar.me\/?page_id=10\" class=\"more-link\">Nastavi \u010ditati<span class=\"screen-reader-text\"> &#8220;Bubamara&#8221;<\/span><\/a><\/p>\n","protected":false},"author":1,"featured_media":0,"parent":0,"menu_order":0,"comment_status":"closed","ping_status":"closed","template":"","meta":{"footnotes":""},"class_list":["post-10","page","type-page","status-publish","hentry"],"_links":{"self":[{"href":"https:\/\/jpu-vim-bar.me\/index.php?rest_route=\/wp\/v2\/pages\/10","targetHints":{"allow":["GET"]}}],"collection":[{"href":"https:\/\/jpu-vim-bar.me\/index.php?rest_route=\/wp\/v2\/pages"}],"about":[{"href":"https:\/\/jpu-vim-bar.me\/index.php?rest_route=\/wp\/v2\/types\/page"}],"author":[{"embeddable":true,"href":"https:\/\/jpu-vim-bar.me\/index.php?rest_route=\/wp\/v2\/users\/1"}],"replies":[{"embeddable":true,"href":"https:\/\/jpu-vim-bar.me\/index.php?rest_route=%2Fwp%2Fv2%2Fcomments&post=10"}],"version-history":[{"count":3,"href":"https:\/\/jpu-vim-bar.me\/index.php?rest_route=\/wp\/v2\/pages\/10\/revisions"}],"predecessor-version":[{"id":191,"href":"https:\/\/jpu-vim-bar.me\/index.php?rest_route=\/wp\/v2\/pages\/10\/revisions\/191"}],"wp:attachment":[{"href":"https:\/\/jpu-vim-bar.me\/index.php?rest_route=%2Fwp%2Fv2%2Fmedia&parent=10"}],"curies":[{"name":"wp","href":"https:\/\/api.w.org\/{rel}","templated":true}]}}